{"id":668,"date":"2023-11-08T15:46:52","date_gmt":"2023-11-08T14:46:52","guid":{"rendered":"https:\/\/novadental.cat\/tractaments-dentals\/protesis-dentales\/"},"modified":"2024-02-27T09:49:35","modified_gmt":"2024-02-27T08:49:35","slug":"protesis-dentals","status":"publish","type":"page","link":"https:\/\/novadental.cat\/ca\/tractaments-dentals\/protesis-dentals\/","title":{"rendered":"Pr\u00f2tesis dentals"},"content":{"rendered":"<p><div class=\"fusion-fullwidth fullwidth-box fusion-builder-row-1 fusion-flex-container has-pattern-background has-mask-background reverse-columns hundred-percent-fullwidth non-hundred-percent-height-scrolling\" style=\"--awb-border-radius-top-left:0px;--awb-border-radius-top-right:0px;--awb-border-radius-bottom-right:0px;--awb-border-radius-bottom-left:0px;--awb-padding-top:50px;--awb-padding-right:0px;--awb-padding-left:0px;--awb-padding-top-small:30px;--awb-background-size:cover;--awb-flex-wrap:wrap;\" ><div class=\"fusion-builder-row fusion-row fusion-flex-align-items-center fusion-flex-justify-content-flex-end fusion-flex-content-wrap\" style=\"width:104% !important;max-width:104% !important;margin-left: calc(-4% \/ 2 );margin-right: calc(-4% \/ 2 );\"><div class=\"fusion-layout-column fusion_builder_column fusion-builder-column-0 fusion_builder_column_2_5 2_5 fusion-flex-column\" style=\"--awb-padding-top-small:30px;--awb-padding-right-small:30px;--awb-padding-bottom-small:30px;--awb-padding-left-small:30px;--awb-bg-size:cover;--awb-width-large:40%;--awb-margin-top-large:0px;--awb-spacing-right-large:4.8%;--awb-margin-bottom-large:20px;--awb-spacing-left-large:100px;--awb-width-medium:40%;--awb-order-medium:0;--awb-spacing-right-medium:4.8%;--awb-spacing-left-medium:100px;--awb-width-small:100%;--awb-order-small:0;--awb-spacing-right-small:1.92%;--awb-spacing-left-small:1.92%;\" data-scroll-devices=\"small-visibility,medium-visibility,large-visibility\"><div class=\"fusion-column-wrapper fusion-column-has-shadow fusion-flex-justify-content-flex-start fusion-content-layout-column\"><div class=\"fusion-text fusion-text-1 fusion-text-no-margin\" style=\"--awb-font-size:20px;--awb-text-transform:uppercase;--awb-text-color:var(--awb-color7);--awb-margin-bottom:0px;\"><p>Renova el teu somriure<\/p>\n<\/div><div class=\"fusion-title title fusion-title-1 fusion-sep-none fusion-title-text fusion-title-size-one\" style=\"--awb-margin-bottom:30px;\"><h1 class=\"fusion-title-heading title-heading-left fusion-responsive-typography-calculated\" style=\"margin:0;--fontSize:45;line-height:1;\">Pr\u00f2tesis dentals a Terrassa<\/h1><\/div><div class=\"fusion-text fusion-text-2\"><p>El desig d&#8217;un somriure complet i funcional \u00e9s universal. En Novadental, el nostre objectiu \u00e9s restaurar la plenitud i la funcionalitat del teu somriure a trav\u00e9s de solucions prot\u00e8tiques modernes.<\/p>\n<p>La pr\u00f2tesi dental s&#8217;enfoca a reempla\u00e7ar o restaurar dents perdudes o danyades, ja sigui degut a c\u00e0ries, malalties periodontals, traumatismes o qualsevol altra causa. Aquesta especialitat abasta des de solucions fixes fins a amovibles, sempre adaptades a les necessitats espec\u00edfiques de cada pacient.<\/p>\n<\/div><div ><a class=\"fusion-button button-flat button-xlarge button-custom fusion-button-default button-1 fusion-button-default-span fusion-button-default-type\" style=\"--button_accent_color:var(--awb-color1);--button_accent_hover_color:var(--awb-color1);--button_border_hover_color:var(--awb-color1);--button_gradient_top_color:var(--awb-color4);--button_gradient_bottom_color:var(--awb-color4);--button_gradient_top_color_hover:var(--awb-color5);--button_gradient_bottom_color_hover:var(--awb-color5);--button_margin-top:20px;\" target=\"_self\" href=\"#\" data-toggle=\"modal\" data-target=\".fusion-modal.cita\"><span class=\"fusion-button-text\">Demanar cita<\/span><\/a><\/div><\/div><\/div><div class=\"fusion-layout-column fusion_builder_column fusion-builder-column-1 fusion_builder_column_3_5 3_5 fusion-flex-column\" style=\"--awb-bg-image:url(&#039;https:\/\/novadental.cat\/wp-content\/uploads\/2024\/02\/PROTESIS1.jpg&#039;);--awb-bg-position:center center;--awb-bg-size:cover;--awb-width-large:60%;--awb-margin-top-large:0px;--awb-spacing-right-large:3.2%;--awb-margin-bottom-large:20px;--awb-spacing-left-large:3.2%;--awb-width-medium:60%;--awb-order-medium:0;--awb-spacing-right-medium:3.2%;--awb-spacing-left-medium:3.2%;--awb-width-small:100%;--awb-order-small:0;--awb-spacing-right-small:1.92%;--awb-spacing-left-small:1.92%;\" data-scroll-devices=\"small-visibility,medium-visibility,large-visibility\"><div class=\"fusion-column-wrapper fusion-column-has-shadow fusion-flex-justify-content-flex-start fusion-content-layout-column fusion-empty-column-bg-image fusion-column-has-bg-image\" data-bg-url=\"https:\/\/novadental.cat\/wp-content\/uploads\/2024\/02\/PROTESIS1.jpg\"><img decoding=\"async\" class=\"fusion-empty-dims-img-placeholder\" src=\"data:image\/svg+xml,%3Csvg%20xmlns%3D%27http%3A%2F%2Fwww.w3.org%2F2000%2Fsvg%27%20width%3D%271000%27%20height%3D%27666%27%20viewBox%3D%270%200%201000%20666%27%3E%3Crect%20width%3D%271000%27%20height%3D%27666%27%20fill-opacity%3D%220%22%2F%3E%3C%2Fsvg%3E\"><\/div><\/div><\/div><\/div><div class=\"fusion-fullwidth fullwidth-box fusion-builder-row-2 fusion-flex-container has-pattern-background has-mask-background nonhundred-percent-fullwidth non-hundred-percent-height-scrolling\" style=\"--awb-border-radius-top-left:0px;--awb-border-radius-top-right:0px;--awb-border-radius-bottom-right:0px;--awb-border-radius-bottom-left:0px;--awb-padding-top:75px;--awb-padding-bottom:75px;--awb-flex-wrap:wrap;\" ><div class=\"fusion-builder-row fusion-row fusion-flex-align-items-flex-start fusion-flex-content-wrap\" style=\"max-width:1352px;margin-left: calc(-4% \/ 2 );margin-right: calc(-4% \/ 2 );\"><div class=\"fusion-layout-column fusion_builder_column fusion-builder-column-2 fusion_builder_column_1_3 1_3 fusion-flex-column\" style=\"--awb-bg-size:cover;--awb-width-large:33.333333333333%;--awb-margin-top-large:0px;--awb-spacing-right-large:5.76%;--awb-margin-bottom-large:20px;--awb-spacing-left-large:5.76%;--awb-width-medium:33.333333333333%;--awb-order-medium:0;--awb-spacing-right-medium:5.76%;--awb-spacing-left-medium:5.76%;--awb-width-small:100%;--awb-order-small:0;--awb-spacing-right-small:1.92%;--awb-spacing-left-small:1.92%;\"><div class=\"fusion-column-wrapper fusion-column-has-shadow fusion-flex-justify-content-flex-start fusion-content-layout-column\"><div class=\"fusion-title title fusion-title-2 fusion-sep-none fusion-title-text fusion-title-size-two\"><h2 class=\"fusion-title-heading title-heading-left fusion-responsive-typography-calculated\" style=\"margin:0;--fontSize:38;line-height:var(--awb-typography1-line-height);\">Esc\u00e0ner intraoral<\/h2><\/div><div class=\"fusion-title title fusion-title-3 fusion-sep-none fusion-title-text fusion-title-size-three\"><h3 class=\"fusion-title-heading title-heading-left fusion-responsive-typography-calculated\" style=\"margin:0;--fontSize:18;line-height:var(--awb-typography1-line-height);\">La precisi\u00f3 \u00e9s clau quan es tracta de la salut dental<\/h3><\/div><div class=\"fusion-separator\" style=\"align-self: flex-start;margin-right:auto;margin-top:20px;margin-bottom:20px;width:100%;max-width:75px;\"><div class=\"fusion-separator-border sep-single sep-solid\" style=\"--awb-height:20px;--awb-amount:20px;--awb-sep-color:var(--awb-color4);border-color:var(--awb-color4);border-top-width:2px;\"><\/div><\/div><\/div><\/div><div class=\"fusion-layout-column fusion_builder_column fusion-builder-column-3 fusion_builder_column_2_3 2_3 fusion-flex-column\" style=\"--awb-bg-size:cover;--awb-width-large:66.666666666667%;--awb-margin-top-large:0px;--awb-spacing-right-large:2.88%;--awb-margin-bottom-large:20px;--awb-spacing-left-large:2.88%;--awb-width-medium:66.666666666667%;--awb-order-medium:0;--awb-spacing-right-medium:2.88%;--awb-spacing-left-medium:2.88%;--awb-width-small:100%;--awb-order-small:0;--awb-spacing-right-small:1.92%;--awb-spacing-left-small:1.92%;\"><div class=\"fusion-column-wrapper fusion-column-has-shadow fusion-flex-justify-content-flex-start fusion-content-layout-column\"><div class=\"fusion-text fusion-text-3\"><p>L&#8217;esc\u00e0ner intraoral ha revolucionat la forma en qu\u00e8 s&#8217;aborda l&#8217;odontologia restauradora. \u00c9s una eina tecnol\u00f2gica que permet obtenir imatges 3D precises i detallades de tota la cavitat bucal.<\/p>\n<p>A difer\u00e8ncia de les impressions tradicionals amb motlles, que poden resultar inc\u00f2modes per al pacient, l&#8217;esc\u00e0ner intraoral \u00e9s r\u00e0pid, c\u00f2mode i extremadament prec\u00eds.<\/p>\n<p>Aquesta tecnologia facilita la planificaci\u00f3 i disseny de pr\u00f2tesis dentals, garantint un ajust perfecte i una major satisfacci\u00f3. Optar per pr\u00f2tesis dentals amb el suport de la tecnologia de l&#8217;esc\u00e0ner intraoral significa triar precisi\u00f3, comoditat i resultats \u00f2ptims.<\/p>\n<h3>Si est\u00e0s considerant una pr\u00f2tesi dental fixa o amovible, vine i descobreix com podem transformar el teu somriure.<\/h3>\n<\/div><\/div><\/div><\/div><\/div><div class=\"fusion-fullwidth fullwidth-box fusion-builder-row-3 fusion-flex-container has-pattern-background has-mask-background fusion-parallax-none reverse-columns nonhundred-percent-fullwidth non-hundred-percent-height-scrolling\" style=\"--awb-background-position:left center;--awb-border-color:var(--awb-color3);--awb-border-radius-top-left:0px;--awb-border-radius-top-right:0px;--awb-border-radius-bottom-right:0px;--awb-border-radius-bottom-left:0px;--awb-padding-top:75px;--awb-padding-bottom:75px;--awb-background-color:var(--awb-color3);--awb-background-image:url(&quot;https:\/\/novadental.cat\/wp-content\/uploads\/2023\/11\/fondo-novadental.png&quot;);--awb-background-size:cover;--awb-flex-wrap:wrap;\" ><div class=\"fusion-builder-row fusion-row fusion-flex-align-items-center fusion-flex-content-wrap\" style=\"max-width:1352px;margin-left: calc(-4% \/ 2 );margin-right: calc(-4% \/ 2 );\"><div class=\"fusion-layout-column fusion_builder_column fusion-builder-column-4 fusion_builder_column_1_2 1_2 fusion-flex-column\" style=\"--awb-padding-top-small:40px;--awb-bg-size:cover;--awb-width-large:50%;--awb-margin-top-large:0px;--awb-spacing-right-large:3.84%;--awb-margin-bottom-large:20px;--awb-spacing-left-large:3.84%;--awb-width-medium:50%;--awb-order-medium:0;--awb-spacing-right-medium:3.84%;--awb-spacing-left-medium:3.84%;--awb-width-small:100%;--awb-order-small:0;--awb-spacing-right-small:1.92%;--awb-spacing-left-small:1.92%;\" data-scroll-devices=\"small-visibility,medium-visibility,large-visibility\"><div class=\"fusion-column-wrapper fusion-column-has-shadow fusion-flex-justify-content-flex-start fusion-content-layout-column\"><div class=\"fusion-title title fusion-title-4 fusion-sep-none fusion-title-text fusion-title-size-two\" style=\"--awb-margin-bottom:40px;\"><h2 class=\"fusion-title-heading title-heading-left fusion-responsive-typography-calculated\" style=\"margin:0;--fontSize:38;line-height:var(--awb-typography1-line-height);\">Preguntes freq\u00fcents sobre pr\u00f2tesi dental<\/h2><\/div><div class=\"accordian fusion-accordian\" style=\"--awb-border-size:1px;--awb-icon-size:16px;--awb-content-font-size:var(--awb-typography4-font-size);--awb-icon-alignment:left;--awb-hover-color:var(--awb-color2);--awb-border-color:var(--awb-color3);--awb-background-color:var(--awb-color1);--awb-divider-color:var(--awb-color3);--awb-divider-hover-color:var(--awb-color3);--awb-icon-color:var(--awb-color1);--awb-title-color:var(--awb-color8);--awb-content-color:var(--awb-color8);--awb-icon-box-color:var(--awb-color8);--awb-toggle-hover-accent-color:var(--awb-color5);--awb-title-font-family:var(--awb-typography1-font-family);--awb-title-font-weight:var(--awb-typography1-font-weight);--awb-title-font-style:var(--awb-typography1-font-style);--awb-title-font-size:16px;--awb-content-font-family:var(--awb-typography4-font-family);--awb-content-font-weight:var(--awb-typography4-font-weight);--awb-content-font-style:var(--awb-typography4-font-style);\"><div class=\"panel-group fusion-toggle-icon-boxed\" id=\"accordion-668-1\"><div class=\"fusion-panel panel-default panel-af03d8433aa1ff1c5 fusion-toggle-has-divider\" style=\"--awb-title-color:var(--awb-color8);\"><div class=\"panel-heading\"><h4 class=\"panel-title toggle\" id=\"toggle_af03d8433aa1ff1c5\"><a aria-expanded=\"false\" aria-controls=\"af03d8433aa1ff1c5\" role=\"button\" data-toggle=\"collapse\" data-parent=\"#accordion-668-1\" data-target=\"#af03d8433aa1ff1c5\" href=\"#af03d8433aa1ff1c5\"><span class=\"fusion-toggle-icon-wrapper\" aria-hidden=\"true\"><i class=\"fa-fusion-box active-icon awb-icon-minus\" aria-hidden=\"true\"><\/i><i class=\"fa-fusion-box inactive-icon awb-icon-plus\" aria-hidden=\"true\"><\/i><\/span><span class=\"fusion-toggle-heading\">Quins tipus de pr\u00f2tesis dentals existeixen?<\/span><\/a><\/h4><\/div><div id=\"af03d8433aa1ff1c5\" class=\"panel-collapse collapse \" aria-labelledby=\"toggle_af03d8433aa1ff1c5\"><div class=\"panel-body toggle-content fusion-clearfix\">\n<p>Existeixen diversos tipus, incloent-hi pr\u00f2tesis fixes com ara ponts i corones, i pr\u00f2tesis amovibles com s\u00f3n les dentadures completes o parcials. L&#8217;elecci\u00f3 dep\u00e8n de les necessitats individuals de cada pacient.<\/p>\n<\/div><\/div><\/div><div class=\"fusion-panel panel-default panel-d7f60c35f13cad4fc fusion-toggle-has-divider\" style=\"--awb-title-color:var(--awb-color8);\"><div class=\"panel-heading\"><h4 class=\"panel-title toggle\" id=\"toggle_d7f60c35f13cad4fc\"><a aria-expanded=\"false\" aria-controls=\"d7f60c35f13cad4fc\" role=\"button\" data-toggle=\"collapse\" data-parent=\"#accordion-668-1\" data-target=\"#d7f60c35f13cad4fc\" href=\"#d7f60c35f13cad4fc\"><span class=\"fusion-toggle-icon-wrapper\" aria-hidden=\"true\"><i class=\"fa-fusion-box active-icon awb-icon-minus\" aria-hidden=\"true\"><\/i><i class=\"fa-fusion-box inactive-icon awb-icon-plus\" aria-hidden=\"true\"><\/i><\/span><span class=\"fusion-toggle-heading\">Esc\u00e0ner intraoral, qu\u00e8 \u00e9s i com funciona?<\/span><\/a><\/h4><\/div><div id=\"d7f60c35f13cad4fc\" class=\"panel-collapse collapse \" aria-labelledby=\"toggle_d7f60c35f13cad4fc\"><div class=\"panel-body toggle-content fusion-clearfix\">\n<p>L&#8217;esc\u00e0ner intraoral \u00e9s una tecnologia avan\u00e7ada que permet obtenir imatges 3D precises de la boca. S&#8217;utilitza una c\u00e0mara especial que escaneja les dents i teixits circumdants, proporcionant una visualitzaci\u00f3 detallada que ajuda en el disseny i adaptaci\u00f3 perfecta de les pr\u00f2tesis dentals.<\/p>\n<\/div><\/div><\/div><div class=\"fusion-panel panel-default panel-43dee94996612af02 fusion-toggle-has-divider\" style=\"--awb-title-color:var(--awb-color8);\"><div class=\"panel-heading\"><h4 class=\"panel-title toggle\" id=\"toggle_43dee94996612af02\"><a aria-expanded=\"false\" aria-controls=\"43dee94996612af02\" role=\"button\" data-toggle=\"collapse\" data-parent=\"#accordion-668-1\" data-target=\"#43dee94996612af02\" href=\"#43dee94996612af02\"><span class=\"fusion-toggle-icon-wrapper\" aria-hidden=\"true\"><i class=\"fa-fusion-box active-icon awb-icon-minus\" aria-hidden=\"true\"><\/i><i class=\"fa-fusion-box inactive-icon awb-icon-plus\" aria-hidden=\"true\"><\/i><\/span><span class=\"fusion-toggle-heading\">Quins avantatges ofereix l'\u00fas de l'esc\u00e0ner intraoral en la col\u00b7locaci\u00f3 de pr\u00f2tesi?<\/span><\/a><\/h4><\/div><div id=\"43dee94996612af02\" class=\"panel-collapse collapse \" aria-labelledby=\"toggle_43dee94996612af02\"><div class=\"panel-body toggle-content fusion-clearfix\">\n<p>Gr\u00e0cies a aquesta tecnologia, el proc\u00e9s \u00e9s m\u00e9s c\u00f2mode per al pacient, evitant motlles tradicionals. A m\u00e9s, ofereix una precisi\u00f3 incre\u00efble, la qual cosa es tradueix en pr\u00f2tesi millor adaptades i resultats m\u00e9s naturals.<\/p>\n<\/div><\/div><\/div><\/div><\/div><\/div><\/div><div class=\"fusion-layout-column fusion_builder_column fusion-builder-column-5 fusion_builder_column_1_2 1_2 fusion-flex-column\" style=\"--awb-bg-position:center center;--awb-bg-size:cover;--awb-box-shadow: 30px 30px var(--awb-color4);;--awb-width-large:50%;--awb-margin-top-large:0px;--awb-spacing-right-large:3.84%;--awb-margin-bottom-large:40px;--awb-spacing-left-large:3.84%;--awb-width-medium:50%;--awb-order-medium:0;--awb-spacing-right-medium:3.84%;--awb-spacing-left-medium:3.84%;--awb-width-small:100%;--awb-order-small:0;--awb-spacing-right-small:1.92%;--awb-spacing-left-small:1.92%;\" data-scroll-devices=\"small-visibility,medium-visibility,large-visibility\"><div class=\"fusion-column-wrapper fusion-column-has-shadow fusion-flex-justify-content-flex-start fusion-content-layout-column\"><div class=\"fusion-image-element \" style=\"--awb-caption-title-font-family:var(--h2_typography-font-family);--awb-caption-title-font-weight:var(--h2_typography-font-weight);--awb-caption-title-font-style:var(--h2_typography-font-style);--awb-caption-title-size:var(--h2_typography-font-size);--awb-caption-title-transform:var(--h2_typography-text-transform);--awb-caption-title-line-height:var(--h2_typography-line-height);--awb-caption-title-letter-spacing:var(--h2_typography-letter-spacing);\"><span class=\" fusion-imageframe imageframe-none imageframe-1 hover-type-none\"><img decoding=\"async\" width=\"1000\" height=\"666\" title=\"PROTESIS2\" src=\"https:\/\/novadental.cat\/wp-content\/uploads\/2024\/02\/PROTESIS2.jpg\" alt class=\"img-responsive wp-image-573\" srcset=\"https:\/\/novadental.cat\/wp-content\/uploads\/2024\/02\/PROTESIS2-200x133.jpg 200w, https:\/\/novadental.cat\/wp-content\/uploads\/2024\/02\/PROTESIS2-400x266.jpg 400w, https:\/\/novadental.cat\/wp-content\/uploads\/2024\/02\/PROTESIS2-600x400.jpg 600w, https:\/\/novadental.cat\/wp-content\/uploads\/2024\/02\/PROTESIS2-800x533.jpg 800w, https:\/\/novadental.cat\/wp-content\/uploads\/2024\/02\/PROTESIS2.jpg 1000w\" sizes=\"(max-width: 640px) 100vw, 800px\" \/><\/span><\/div><\/div><\/div><\/div><\/div><div class=\"fusion-fullwidth fullwidth-box fusion-builder-row-4 fusion-flex-container has-pattern-background has-mask-background reverse-columns hundred-percent-fullwidth non-hundred-percent-height-scrolling\" style=\"--awb-border-radius-top-left:0px;--awb-border-radius-top-right:0px;--awb-border-radius-bottom-right:0px;--awb-border-radius-bottom-left:0px;--awb-padding-right:0px;--awb-padding-left:0px;--awb-background-color:var(--awb-color7);--awb-flex-wrap:wrap;\" ><div class=\"fusion-builder-row fusion-row fusion-flex-align-items-stretch fusion-flex-align-content-center fusion-flex-justify-content-flex-end fusion-flex-content-wrap\" style=\"width:104% !important;max-width:104% !important;margin-left: calc(-4% \/ 2 );margin-right: calc(-4% \/ 2 );\"><div class=\"fusion-layout-column fusion_builder_column fusion-builder-column-6 fusion_builder_column_1_3 1_3 fusion-flex-column\" style=\"--awb-padding-top:70px;--awb-padding-bottom:70px;--awb-padding-top-small:30px;--awb-padding-right-small:30px;--awb-padding-bottom-small:30px;--awb-padding-left-small:30px;--awb-bg-size:cover;--awb-width-large:33.333333333333%;--awb-margin-top-large:0px;--awb-spacing-right-large:5.76%;--awb-margin-bottom-large:0px;--awb-spacing-left-large:5.76%;--awb-width-medium:33.333333333333%;--awb-order-medium:0;--awb-spacing-right-medium:5.76%;--awb-spacing-left-medium:5.76%;--awb-width-small:100%;--awb-order-small:0;--awb-spacing-right-small:1.92%;--awb-spacing-left-small:1.92%;\" data-scroll-devices=\"small-visibility,medium-visibility,large-visibility\"><div class=\"fusion-column-wrapper fusion-column-has-shadow fusion-flex-justify-content-flex-start fusion-content-layout-column\"><div class=\"fusion-title title fusion-title-5 fusion-sep-none fusion-title-text fusion-title-size-two\" style=\"--awb-text-color:var(--awb-color1);--awb-font-size:28px;\"><h2 class=\"fusion-title-heading title-heading-left fusion-responsive-typography-calculated\" style=\"margin:0;font-size:1em;--fontSize:28;line-height:var(--awb-typography1-line-height);\">Compromesos amb la qualitat dels nostres tractaments i la satisfacci\u00f3 dels nostres pacients<\/h2><\/div><div ><a class=\"fusion-button button-flat button-xlarge button-custom fusion-button-default button-2 fusion-button-default-span fusion-button-default-type fusion-no-medium-visibility fusion-no-large-visibility\" style=\"--button_accent_color:var(--awb-color1);--button_accent_hover_color:var(--awb-color1);--button_border_hover_color:var(--awb-color1);--button_gradient_top_color:var(--awb-color4);--button_gradient_bottom_color:var(--awb-color4);--button_gradient_top_color_hover:#a80075;--button_gradient_bottom_color_hover:#a80075;--button_margin-top:20px;--button_margin-bottom:40px;\" target=\"_self\" data-hover=\"text_slide_up\" href=\"#\" data-toggle=\"modal\" data-target=\".fusion-modal.cita\"><div class=\"awb-button-text-transition\"><span class=\"fusion-button-text\">DEMANA CITA<\/span><span class=\"fusion-button-text\">DEMANA CITA<\/span><\/div><\/a><\/div><\/div><\/div><div class=\"fusion-layout-column fusion_builder_column fusion-builder-column-7 fusion_builder_column_1_5 1_5 fusion-flex-column\" style=\"--awb-padding-right-small:30px;--awb-padding-left-small:30px;--awb-bg-size:cover;--awb-width-large:20%;--awb-margin-top-large:0px;--awb-spacing-right-large:9.6%;--awb-margin-bottom-large:20px;--awb-spacing-left-large:9.6%;--awb-width-medium:20%;--awb-order-medium:0;--awb-spacing-right-medium:9.6%;--awb-spacing-left-medium:9.6%;--awb-width-small:100%;--awb-order-small:0;--awb-spacing-right-small:1.92%;--awb-margin-bottom-small:40px;--awb-spacing-left-small:1.92%;\" data-scroll-devices=\"small-visibility,medium-visibility,large-visibility\"><div class=\"fusion-column-wrapper fusion-column-has-shadow fusion-flex-justify-content-center fusion-content-layout-column\"><div ><a class=\"fusion-button button-flat button-xlarge button-custom fusion-button-default button-3 fusion-button-default-span fusion-button-default-type fusion-no-small-visibility\" style=\"--button_accent_color:var(--awb-color1);--button_accent_hover_color:var(--awb-color1);--button_border_hover_color:var(--awb-color1);--button_gradient_top_color:var(--awb-color4);--button_gradient_bottom_color:var(--awb-color4);--button_gradient_top_color_hover:#a80075;--button_gradient_bottom_color_hover:#a80075;\" target=\"_self\" data-hover=\"text_slide_up\" href=\"#\" data-toggle=\"modal\" data-target=\".fusion-modal.cita\"><div class=\"awb-button-text-transition\"><span class=\"fusion-button-text\">DEMANA CITA<\/span><span class=\"fusion-button-text\">DEMANA CITA<\/span><\/div><\/a><\/div><\/div><\/div><div class=\"fusion-layout-column fusion_builder_column fusion-builder-column-8 fusion_builder_column_2_5 2_5 fusion-flex-column\" style=\"--awb-bg-image:url(&#039;https:\/\/novadental.cat\/wp-content\/uploads\/2024\/02\/HOME2COMPROMETIDOSCONLACALIDAD.jpg&#039;);--awb-bg-position:center center;--awb-bg-size:cover;--awb-width-large:40%;--awb-margin-top-large:0px;--awb-spacing-right-large:4.8%;--awb-margin-bottom-large:0px;--awb-spacing-left-large:4.8%;--awb-width-medium:40%;--awb-order-medium:0;--awb-spacing-right-medium:4.8%;--awb-spacing-left-medium:4.8%;--awb-width-small:100%;--awb-order-small:0;--awb-spacing-right-small:1.92%;--awb-spacing-left-small:1.92%;\" data-scroll-devices=\"small-visibility,medium-visibility,large-visibility\"><div class=\"fusion-column-wrapper fusion-column-has-shadow fusion-flex-justify-content-flex-start fusion-content-layout-column fusion-empty-column-bg-image fusion-column-has-bg-image\" data-bg-url=\"https:\/\/novadental.cat\/wp-content\/uploads\/2024\/02\/HOME2COMPROMETIDOSCONLACALIDAD.jpg\"><img decoding=\"async\" class=\"fusion-empty-dims-img-placeholder fusion-no-large-visibility fusion-no-medium-visibility\" src=\"data:image\/svg+xml,%3Csvg%20xmlns%3D%27http%3A%2F%2Fwww.w3.org%2F2000%2Fsvg%27%20width%3D%27800%27%20height%3D%27533%27%20viewBox%3D%270%200%20800%20533%27%3E%3Crect%20width%3D%27800%27%20height%3D%27533%27%20fill-opacity%3D%220%22%2F%3E%3C%2Fsvg%3E\"><\/div><\/div><\/div><\/div><\/p>\n","protected":false},"excerpt":{"rendered":"","protected":false},"author":1,"featured_media":0,"parent":640,"menu_order":0,"comment_status":"closed","ping_status":"closed","template":"100-width.php","meta":{"footnotes":""},"class_list":["post-668","page","type-page","status-publish","hentry"],"_links":{"self":[{"href":"https:\/\/novadental.cat\/ca\/wp-json\/wp\/v2\/pages\/668","targetHints":{"allow":["GET"]}}],"collection":[{"href":"https:\/\/novadental.cat\/ca\/wp-json\/wp\/v2\/pages"}],"about":[{"href":"https:\/\/novadental.cat\/ca\/wp-json\/wp\/v2\/types\/page"}],"author":[{"embeddable":true,"href":"https:\/\/novadental.cat\/ca\/wp-json\/wp\/v2\/users\/1"}],"replies":[{"embeddable":true,"href":"https:\/\/novadental.cat\/ca\/wp-json\/wp\/v2\/comments?post=668"}],"version-history":[{"count":3,"href":"https:\/\/novadental.cat\/ca\/wp-json\/wp\/v2\/pages\/668\/revisions"}],"predecessor-version":[{"id":671,"href":"https:\/\/novadental.cat\/ca\/wp-json\/wp\/v2\/pages\/668\/revisions\/671"}],"up":[{"embeddable":true,"href":"https:\/\/novadental.cat\/ca\/wp-json\/wp\/v2\/pages\/640"}],"wp:attachment":[{"href":"https:\/\/novadental.cat\/ca\/wp-json\/wp\/v2\/media?parent=668"}],"curies":[{"name":"wp","href":"https:\/\/api.w.org\/{rel}","templated":true}]}}